{"id":270,"date":"2023-06-07T21:53:23","date_gmt":"2023-06-07T21:53:23","guid":{"rendered":"https:\/\/beneficios.trayecto.com\/?page_id=270"},"modified":"2023-06-14T20:58:47","modified_gmt":"2023-06-14T20:58:47","slug":"hospitaria","status":"publish","type":"page","link":"https:\/\/trayecto.ivtapps.com\/beneficios\/hospitaria\/","title":{"rendered":"Hospitaria"},"content":{"rendered":"\t\t<div data-elementor-type=\"wp-page\" data-elementor-id=\"270\" class=\"elementor elementor-270\">\n\t\t\t\t\t\t<section class=\"elementor-section elementor-top-section elementor-element elementor-element-d80f02a elementor-section-boxed elementor-section-height-default elementor-section-height-default rt-parallax-bg-no\" data-id=\"d80f02a\" data-element_type=\"section\">\n\t\t\t\t\t\t<div class=\"elementor-container elementor-column-gap-default\">\n\t\t\t\t\t<div class=\"elementor-column elementor-col-33 elementor-top-column elementor-element elementor-element-e0bef2c\" data-id=\"e0bef2c\" data-element_type=\"column\">\n\t\t\t<div class=\"elementor-widget-wrap elementor-element-populated\">\n\t\t\t\t\t\t<div class=\"elementor-element elementor-element-c69667c elementor-widget elementor-widget-image\" data-id=\"c69667c\" data-element_type=\"widget\" data-widget_type=\"image.default\">\n\t\t\t\t<div class=\"elementor-widget-container\">\n\t\t\t\t\t\t\t\t\t\t\t\t\t\t\t\t<a href=\"https:\/\/trayecto.ivtapps.com\/beneficios\/wp-content\/uploads\/2023\/06\/Hospitaria-Beneficios-1.pdf\" target=\"_blank\">\n\t\t\t\t\t\t\t<img fetchpriority=\"high\" decoding=\"async\" width=\"309\" height=\"470\" src=\"https:\/\/trayecto.ivtapps.com\/beneficios\/wp-content\/uploads\/2023\/06\/Captura-de-pantalla-2023-06-07-155016.jpg\" class=\"attachment-large size-large wp-image-271\" alt=\"\" srcset=\"https:\/\/trayecto.ivtapps.com\/beneficios\/wp-content\/uploads\/2023\/06\/Captura-de-pantalla-2023-06-07-155016.jpg 309w, https:\/\/trayecto.ivtapps.com\/beneficios\/wp-content\/uploads\/2023\/06\/Captura-de-pantalla-2023-06-07-155016-197x300.jpg 197w\" sizes=\"(max-width: 309px) 100vw, 309px\" \/>\t\t\t\t\t\t\t\t<\/a>\n\t\t\t\t\t\t\t\t\t\t\t\t\t\t\t<\/div>\n\t\t\t\t<\/div>\n\t\t\t\t<div class=\"elementor-element elementor-element-a9f2bc4 elementor-align-center elementor-widget elementor-widget-button\" data-id=\"a9f2bc4\" data-element_type=\"widget\" data-widget_type=\"button.default\">\n\t\t\t\t<div class=\"elementor-widget-container\">\n\t\t\t\t\t\t\t\t\t<div class=\"elementor-button-wrapper\">\n\t\t\t\t\t<a class=\"elementor-button elementor-button-link elementor-size-sm\" href=\"https:\/\/trayecto.ivtapps.com\/beneficios\/wp-content\/uploads\/2023\/06\/Hospitaria-Beneficios-1.pdf\" target=\"_blank\">\n\t\t\t\t\t\t<span class=\"elementor-button-content-wrapper\">\n\t\t\t\t\t\t\t\t\t<span class=\"elementor-button-text\">m\u00e1s informaci\u00f3n<\/span>\n\t\t\t\t\t<\/span>\n\t\t\t\t\t<\/a>\n\t\t\t\t<\/div>\n\t\t\t\t\t\t\t\t<\/div>\n\t\t\t\t<\/div>\n\t\t\t\t\t<\/div>\n\t\t<\/div>\n\t\t\t\t<div class=\"elementor-column elementor-col-33 elementor-top-column elementor-element elementor-element-faebdcb\" data-id=\"faebdcb\" data-element_type=\"column\">\n\t\t\t<div class=\"elementor-widget-wrap elementor-element-populated\">\n\t\t\t\t\t\t<div class=\"elementor-element elementor-element-878cde3 elementor-widget elementor-widget-image\" data-id=\"878cde3\" data-element_type=\"widget\" data-widget_type=\"image.default\">\n\t\t\t\t<div class=\"elementor-widget-container\">\n\t\t\t\t\t\t\t\t\t\t\t\t\t\t\t\t<a href=\"https:\/\/trayecto.ivtapps.com\/beneficios\/wp-content\/uploads\/2023\/06\/Hospitaria-Consulta-CAIH.pdf\" target=\"_blank\">\n\t\t\t\t\t\t\t<img decoding=\"async\" width=\"611\" height=\"611\" src=\"https:\/\/trayecto.ivtapps.com\/beneficios\/wp-content\/uploads\/2023\/06\/Captura-de-pantalla-2023-06-07-155047.jpg\" class=\"attachment-large size-large wp-image-275\" alt=\"\" srcset=\"https:\/\/trayecto.ivtapps.com\/beneficios\/wp-content\/uploads\/2023\/06\/Captura-de-pantalla-2023-06-07-155047.jpg 611w, https:\/\/trayecto.ivtapps.com\/beneficios\/wp-content\/uploads\/2023\/06\/Captura-de-pantalla-2023-06-07-155047-300x300.jpg 300w, https:\/\/trayecto.ivtapps.com\/beneficios\/wp-content\/uploads\/2023\/06\/Captura-de-pantalla-2023-06-07-155047-150x150.jpg 150w\" sizes=\"(max-width: 611px) 100vw, 611px\" \/>\t\t\t\t\t\t\t\t<\/a>\n\t\t\t\t\t\t\t\t\t\t\t\t\t\t\t<\/div>\n\t\t\t\t<\/div>\n\t\t\t\t<div class=\"elementor-element elementor-element-e00046b elementor-align-center elementor-widget elementor-widget-button\" data-id=\"e00046b\" data-element_type=\"widget\" data-widget_type=\"button.default\">\n\t\t\t\t<div class=\"elementor-widget-container\">\n\t\t\t\t\t\t\t\t\t<div class=\"elementor-button-wrapper\">\n\t\t\t\t\t<a class=\"elementor-button elementor-button-link elementor-size-sm\" href=\"https:\/\/trayecto.ivtapps.com\/beneficios\/wp-content\/uploads\/2023\/06\/Hospitaria-Consulta-CAIH.pdf\" target=\"_blank\">\n\t\t\t\t\t\t<span class=\"elementor-button-content-wrapper\">\n\t\t\t\t\t\t\t\t\t<span class=\"elementor-button-text\">m\u00e1s informaci\u00f3n<\/span>\n\t\t\t\t\t<\/span>\n\t\t\t\t\t<\/a>\n\t\t\t\t<\/div>\n\t\t\t\t\t\t\t\t<\/div>\n\t\t\t\t<\/div>\n\t\t\t\t\t<\/div>\n\t\t<\/div>\n\t\t\t\t<div class=\"elementor-column elementor-col-33 elementor-top-column elementor-element elementor-element-a1c09fa\" data-id=\"a1c09fa\" data-element_type=\"column\">\n\t\t\t<div class=\"elementor-widget-wrap elementor-element-populated\">\n\t\t\t\t\t\t<div class=\"elementor-element elementor-element-d9cde34 elementor-widget elementor-widget-image\" data-id=\"d9cde34\" data-element_type=\"widget\" data-widget_type=\"image.default\">\n\t\t\t\t<div class=\"elementor-widget-container\">\n\t\t\t\t\t\t\t\t\t\t\t\t\t\t\t\t<a href=\"https:\/\/trayecto.ivtapps.com\/beneficios\/wp-content\/uploads\/2023\/06\/Hospitaria-Red-Medica.pdf\" target=\"_blank\">\n\t\t\t\t\t\t\t<img decoding=\"async\" width=\"412\" height=\"550\" src=\"https:\/\/trayecto.ivtapps.com\/beneficios\/wp-content\/uploads\/2023\/06\/Captura-de-pantalla-2023-06-07-155126.jpg\" class=\"attachment-large size-large wp-image-276\" alt=\"\" srcset=\"https:\/\/trayecto.ivtapps.com\/beneficios\/wp-content\/uploads\/2023\/06\/Captura-de-pantalla-2023-06-07-155126.jpg 412w, https:\/\/trayecto.ivtapps.com\/beneficios\/wp-content\/uploads\/2023\/06\/Captura-de-pantalla-2023-06-07-155126-225x300.jpg 225w\" sizes=\"(max-width: 412px) 100vw, 412px\" \/>\t\t\t\t\t\t\t\t<\/a>\n\t\t\t\t\t\t\t\t\t\t\t\t\t\t\t<\/div>\n\t\t\t\t<\/div>\n\t\t\t\t<div class=\"elementor-element elementor-element-5f0fde8 elementor-align-center elementor-widget elementor-widget-button\" data-id=\"5f0fde8\" data-element_type=\"widget\" data-widget_type=\"button.default\">\n\t\t\t\t<div class=\"elementor-widget-container\">\n\t\t\t\t\t\t\t\t\t<div class=\"elementor-button-wrapper\">\n\t\t\t\t\t<a class=\"elementor-button elementor-button-link elementor-size-sm\" href=\"https:\/\/trayecto.ivtapps.com\/beneficios\/wp-content\/uploads\/2023\/06\/Hospitaria-Red-Medica.pdf\" target=\"_blank\">\n\t\t\t\t\t\t<span class=\"elementor-button-content-wrapper\">\n\t\t\t\t\t\t\t\t\t<span class=\"elementor-button-text\">m\u00e1s informaci\u00f3n<\/span>\n\t\t\t\t\t<\/span>\n\t\t\t\t\t<\/a>\n\t\t\t\t<\/div>\n\t\t\t\t\t\t\t\t<\/div>\n\t\t\t\t<\/div>\n\t\t\t\t\t<\/div>\n\t\t<\/div>\n\t\t\t\t\t<\/div>\n\t\t<\/section>\n\t\t\t\t<\/div>\n\t\t","protected":false},"excerpt":{"rendered":"<p>m\u00e1s informaci\u00f3n m\u00e1s informaci\u00f3n m\u00e1s informaci\u00f3n<\/p>\n","protected":false},"author":2,"featured_media":0,"parent":0,"menu_order":0,"comment_status":"closed","ping_status":"closed","template":"","meta":{"footnotes":""},"class_list":["post-270","page","type-page","status-publish","hentry"],"_links":{"self":[{"href":"https:\/\/trayecto.ivtapps.com\/beneficios\/wp-json\/wp\/v2\/pages\/270","targetHints":{"allow":["GET"]}}],"collection":[{"href":"https:\/\/trayecto.ivtapps.com\/beneficios\/wp-json\/wp\/v2\/pages"}],"about":[{"href":"https:\/\/trayecto.ivtapps.com\/beneficios\/wp-json\/wp\/v2\/types\/page"}],"author":[{"embeddable":true,"href":"https:\/\/trayecto.ivtapps.com\/beneficios\/wp-json\/wp\/v2\/users\/2"}],"replies":[{"embeddable":true,"href":"https:\/\/trayecto.ivtapps.com\/beneficios\/wp-json\/wp\/v2\/comments?post=270"}],"version-history":[{"count":39,"href":"https:\/\/trayecto.ivtapps.com\/beneficios\/wp-json\/wp\/v2\/pages\/270\/revisions"}],"predecessor-version":[{"id":323,"href":"https:\/\/trayecto.ivtapps.com\/beneficios\/wp-json\/wp\/v2\/pages\/270\/revisions\/323"}],"wp:attachment":[{"href":"https:\/\/trayecto.ivtapps.com\/beneficios\/wp-json\/wp\/v2\/media?parent=270"}],"curies":[{"name":"wp","href":"https:\/\/api.w.org\/{rel}","templated":true}]}}