{"id":358,"date":"2023-06-14T21:35:43","date_gmt":"2023-06-14T21:35:43","guid":{"rendered":"https:\/\/beneficios.trayecto.com\/?page_id=358"},"modified":"2023-06-14T21:39:14","modified_gmt":"2023-06-14T21:39:14","slug":"mister-pizza","status":"publish","type":"page","link":"https:\/\/trayecto.ivtapps.com\/beneficios\/mister-pizza\/","title":{"rendered":"Mister Pizza"},"content":{"rendered":"\t\t<div data-elementor-type=\"wp-page\" data-elementor-id=\"358\" class=\"elementor elementor-358\">\n\t\t\t\t\t\t<section class=\"elementor-section elementor-top-section elementor-element elementor-element-d80f02a elementor-section-boxed elementor-section-height-default elementor-section-height-default rt-parallax-bg-no\" data-id=\"d80f02a\" data-element_type=\"section\">\n\t\t\t\t\t\t<div class=\"elementor-container elementor-column-gap-default\">\n\t\t\t\t\t<div class=\"elementor-column elementor-col-33 elementor-top-column elementor-element elementor-element-e0bef2c\" data-id=\"e0bef2c\" data-element_type=\"column\">\n\t\t\t<div class=\"elementor-widget-wrap elementor-element-populated\">\n\t\t\t\t\t\t<div class=\"elementor-element elementor-element-c69667c elementor-widget elementor-widget-image\" data-id=\"c69667c\" data-element_type=\"widget\" data-widget_type=\"image.default\">\n\t\t\t\t<div class=\"elementor-widget-container\">\n\t\t\t\t\t\t\t\t\t\t\t\t\t\t\t\t<a href=\"https:\/\/trayecto.ivtapps.com\/beneficios\/wp-content\/uploads\/2023\/06\/Mister-Pizza-1.pdf\" target=\"_blank\">\n\t\t\t\t\t\t\t<img fetchpriority=\"high\" decoding=\"async\" width=\"578\" height=\"766\" src=\"https:\/\/trayecto.ivtapps.com\/beneficios\/wp-content\/uploads\/2023\/06\/Mister-Pizza-1.png\" class=\"attachment-large size-large wp-image-360\" alt=\"\" srcset=\"https:\/\/trayecto.ivtapps.com\/beneficios\/wp-content\/uploads\/2023\/06\/Mister-Pizza-1.png 578w, https:\/\/trayecto.ivtapps.com\/beneficios\/wp-content\/uploads\/2023\/06\/Mister-Pizza-1-226x300.png 226w\" sizes=\"(max-width: 578px) 100vw, 578px\" \/>\t\t\t\t\t\t\t\t<\/a>\n\t\t\t\t\t\t\t\t\t\t\t\t\t\t\t<\/div>\n\t\t\t\t<\/div>\n\t\t\t\t<div class=\"elementor-element elementor-element-a9f2bc4 elementor-align-center elementor-widget elementor-widget-button\" data-id=\"a9f2bc4\" data-element_type=\"widget\" data-widget_type=\"button.default\">\n\t\t\t\t<div class=\"elementor-widget-container\">\n\t\t\t\t\t\t\t\t\t<div class=\"elementor-button-wrapper\">\n\t\t\t\t\t<a class=\"elementor-button elementor-button-link elementor-size-sm\" href=\"https:\/\/trayecto.ivtapps.com\/beneficios\/wp-content\/uploads\/2023\/06\/Mister-Pizza-1.pdf\" target=\"_blank\">\n\t\t\t\t\t\t<span class=\"elementor-button-content-wrapper\">\n\t\t\t\t\t\t\t\t\t<span class=\"elementor-button-text\">m\u00e1s informaci\u00f3n<\/span>\n\t\t\t\t\t<\/span>\n\t\t\t\t\t<\/a>\n\t\t\t\t<\/div>\n\t\t\t\t\t\t\t\t<\/div>\n\t\t\t\t<\/div>\n\t\t\t\t\t<\/div>\n\t\t<\/div>\n\t\t\t\t<div class=\"elementor-column elementor-col-33 elementor-top-column elementor-element elementor-element-faebdcb\" data-id=\"faebdcb\" data-element_type=\"column\">\n\t\t\t<div class=\"elementor-widget-wrap elementor-element-populated\">\n\t\t\t\t\t\t<div class=\"elementor-element elementor-element-878cde3 elementor-widget elementor-widget-image\" data-id=\"878cde3\" data-element_type=\"widget\" data-widget_type=\"image.default\">\n\t\t\t\t<div class=\"elementor-widget-container\">\n\t\t\t\t\t\t\t\t\t\t\t\t\t\t\t\t<a href=\"https:\/\/trayecto.ivtapps.com\/beneficios\/wp-content\/uploads\/2023\/06\/Mister-Pizza-2.pdf\" target=\"_blank\">\n\t\t\t\t\t\t\t<img decoding=\"async\" width=\"574\" height=\"767\" src=\"https:\/\/trayecto.ivtapps.com\/beneficios\/wp-content\/uploads\/2023\/06\/Mister-Pizza-2.png\" class=\"attachment-large size-large wp-image-361\" alt=\"\" srcset=\"https:\/\/trayecto.ivtapps.com\/beneficios\/wp-content\/uploads\/2023\/06\/Mister-Pizza-2.png 574w, https:\/\/trayecto.ivtapps.com\/beneficios\/wp-content\/uploads\/2023\/06\/Mister-Pizza-2-225x300.png 225w\" sizes=\"(max-width: 574px) 100vw, 574px\" \/>\t\t\t\t\t\t\t\t<\/a>\n\t\t\t\t\t\t\t\t\t\t\t\t\t\t\t<\/div>\n\t\t\t\t<\/div>\n\t\t\t\t<div class=\"elementor-element elementor-element-e00046b elementor-align-center elementor-widget elementor-widget-button\" data-id=\"e00046b\" data-element_type=\"widget\" data-widget_type=\"button.default\">\n\t\t\t\t<div class=\"elementor-widget-container\">\n\t\t\t\t\t\t\t\t\t<div class=\"elementor-button-wrapper\">\n\t\t\t\t\t<a class=\"elementor-button elementor-button-link elementor-size-sm\" href=\"https:\/\/trayecto.ivtapps.com\/beneficios\/wp-content\/uploads\/2023\/06\/Mister-Pizza-2.pdf\" target=\"_blank\">\n\t\t\t\t\t\t<span class=\"elementor-button-content-wrapper\">\n\t\t\t\t\t\t\t\t\t<span class=\"elementor-button-text\">m\u00e1s informaci\u00f3n<\/span>\n\t\t\t\t\t<\/span>\n\t\t\t\t\t<\/a>\n\t\t\t\t<\/div>\n\t\t\t\t\t\t\t\t<\/div>\n\t\t\t\t<\/div>\n\t\t\t\t\t<\/div>\n\t\t<\/div>\n\t\t\t\t<div class=\"elementor-column elementor-col-33 elementor-top-column elementor-element elementor-element-a1c09fa\" data-id=\"a1c09fa\" data-element_type=\"column\">\n\t\t\t<div class=\"elementor-widget-wrap elementor-element-populated\">\n\t\t\t\t\t\t<div class=\"elementor-element elementor-element-d9cde34 elementor-widget elementor-widget-image\" data-id=\"d9cde34\" data-element_type=\"widget\" data-widget_type=\"image.default\">\n\t\t\t\t<div class=\"elementor-widget-container\">\n\t\t\t\t\t\t\t\t\t\t\t\t\t\t\t\t<a href=\"https:\/\/trayecto.ivtapps.com\/beneficios\/wp-content\/uploads\/2023\/06\/Mister-Pizza-3.pdf\" target=\"_blank\">\n\t\t\t\t\t\t\t<img decoding=\"async\" width=\"578\" height=\"767\" src=\"https:\/\/trayecto.ivtapps.com\/beneficios\/wp-content\/uploads\/2023\/06\/Mister-Pizza-3.png\" class=\"attachment-large size-large wp-image-362\" alt=\"\" srcset=\"https:\/\/trayecto.ivtapps.com\/beneficios\/wp-content\/uploads\/2023\/06\/Mister-Pizza-3.png 578w, https:\/\/trayecto.ivtapps.com\/beneficios\/wp-content\/uploads\/2023\/06\/Mister-Pizza-3-226x300.png 226w\" sizes=\"(max-width: 578px) 100vw, 578px\" \/>\t\t\t\t\t\t\t\t<\/a>\n\t\t\t\t\t\t\t\t\t\t\t\t\t\t\t<\/div>\n\t\t\t\t<\/div>\n\t\t\t\t<div class=\"elementor-element elementor-element-5f0fde8 elementor-align-center elementor-widget elementor-widget-button\" data-id=\"5f0fde8\" data-element_type=\"widget\" data-widget_type=\"button.default\">\n\t\t\t\t<div class=\"elementor-widget-container\">\n\t\t\t\t\t\t\t\t\t<div class=\"elementor-button-wrapper\">\n\t\t\t\t\t<a class=\"elementor-button elementor-button-link elementor-size-sm\" href=\"https:\/\/trayecto.ivtapps.com\/beneficios\/wp-content\/uploads\/2023\/06\/Mister-Pizza-3.pdf\" target=\"_blank\">\n\t\t\t\t\t\t<span class=\"elementor-button-content-wrapper\">\n\t\t\t\t\t\t\t\t\t<span class=\"elementor-button-text\">m\u00e1s informaci\u00f3n<\/span>\n\t\t\t\t\t<\/span>\n\t\t\t\t\t<\/a>\n\t\t\t\t<\/div>\n\t\t\t\t\t\t\t\t<\/div>\n\t\t\t\t<\/div>\n\t\t\t\t\t<\/div>\n\t\t<\/div>\n\t\t\t\t\t<\/div>\n\t\t<\/section>\n\t\t\t\t<section class=\"elementor-section elementor-top-section elementor-element elementor-element-b527e80 elementor-section-boxed elementor-section-height-default elementor-section-height-default rt-parallax-bg-no\" data-id=\"b527e80\" data-element_type=\"section\">\n\t\t\t\t\t\t<div class=\"elementor-container elementor-column-gap-default\">\n\t\t\t\t\t<div class=\"elementor-column elementor-col-33 elementor-top-column elementor-element elementor-element-0ce0ee5\" data-id=\"0ce0ee5\" data-element_type=\"column\">\n\t\t\t<div class=\"elementor-widget-wrap elementor-element-populated\">\n\t\t\t\t\t\t<div class=\"elementor-element elementor-element-eacb78a elementor-widget elementor-widget-image\" data-id=\"eacb78a\" data-element_type=\"widget\" data-widget_type=\"image.default\">\n\t\t\t\t<div class=\"elementor-widget-container\">\n\t\t\t\t\t\t\t\t\t\t\t\t\t\t\t\t<a href=\"https:\/\/trayecto.ivtapps.com\/beneficios\/wp-content\/uploads\/2023\/06\/Mister-Pizza-4.pdf\" target=\"_blank\">\n\t\t\t\t\t\t\t<img loading=\"lazy\" decoding=\"async\" width=\"577\" height=\"767\" src=\"https:\/\/trayecto.ivtapps.com\/beneficios\/wp-content\/uploads\/2023\/06\/Mister-Pizza-4.png\" class=\"attachment-large size-large wp-image-363\" alt=\"\" srcset=\"https:\/\/trayecto.ivtapps.com\/beneficios\/wp-content\/uploads\/2023\/06\/Mister-Pizza-4.png 577w, https:\/\/trayecto.ivtapps.com\/beneficios\/wp-content\/uploads\/2023\/06\/Mister-Pizza-4-226x300.png 226w\" sizes=\"(max-width: 577px) 100vw, 577px\" \/>\t\t\t\t\t\t\t\t<\/a>\n\t\t\t\t\t\t\t\t\t\t\t\t\t\t\t<\/div>\n\t\t\t\t<\/div>\n\t\t\t\t<div class=\"elementor-element elementor-element-6f467f1 elementor-align-center elementor-widget elementor-widget-button\" data-id=\"6f467f1\" data-element_type=\"widget\" data-widget_type=\"button.default\">\n\t\t\t\t<div class=\"elementor-widget-container\">\n\t\t\t\t\t\t\t\t\t<div class=\"elementor-button-wrapper\">\n\t\t\t\t\t<a class=\"elementor-button elementor-button-link elementor-size-sm\" href=\"https:\/\/trayecto.ivtapps.com\/beneficios\/wp-content\/uploads\/2023\/06\/Mister-Pizza-4.pdf\" target=\"_blank\">\n\t\t\t\t\t\t<span class=\"elementor-button-content-wrapper\">\n\t\t\t\t\t\t\t\t\t<span class=\"elementor-button-text\">m\u00e1s informaci\u00f3n<\/span>\n\t\t\t\t\t<\/span>\n\t\t\t\t\t<\/a>\n\t\t\t\t<\/div>\n\t\t\t\t\t\t\t\t<\/div>\n\t\t\t\t<\/div>\n\t\t\t\t\t<\/div>\n\t\t<\/div>\n\t\t\t\t<div class=\"elementor-column elementor-col-33 elementor-top-column elementor-element elementor-element-9be8683\" data-id=\"9be8683\" data-element_type=\"column\">\n\t\t\t<div class=\"elementor-widget-wrap\">\n\t\t\t\t\t\t\t<\/div>\n\t\t<\/div>\n\t\t\t\t<div class=\"elementor-column elementor-col-33 elementor-top-column elementor-element elementor-element-83f7f9e\" data-id=\"83f7f9e\" data-element_type=\"column\">\n\t\t\t<div class=\"elementor-widget-wrap\">\n\t\t\t\t\t\t\t<\/div>\n\t\t<\/div>\n\t\t\t\t\t<\/div>\n\t\t<\/section>\n\t\t\t\t<\/div>\n\t\t","protected":false},"excerpt":{"rendered":"<p>m\u00e1s informaci\u00f3n m\u00e1s informaci\u00f3n m\u00e1s informaci\u00f3n m\u00e1s informaci\u00f3n<\/p>\n","protected":false},"author":2,"featured_media":0,"parent":0,"menu_order":0,"comment_status":"closed","ping_status":"closed","template":"","meta":{"footnotes":""},"class_list":["post-358","page","type-page","status-publish","hentry"],"_links":{"self":[{"href":"https:\/\/trayecto.ivtapps.com\/beneficios\/wp-json\/wp\/v2\/pages\/358","targetHints":{"allow":["GET"]}}],"collection":[{"href":"https:\/\/trayecto.ivtapps.com\/beneficios\/wp-json\/wp\/v2\/pages"}],"about":[{"href":"https:\/\/trayecto.ivtapps.com\/beneficios\/wp-json\/wp\/v2\/types\/page"}],"author":[{"embeddable":true,"href":"https:\/\/trayecto.ivtapps.com\/beneficios\/wp-json\/wp\/v2\/users\/2"}],"replies":[{"embeddable":true,"href":"https:\/\/trayecto.ivtapps.com\/beneficios\/wp-json\/wp\/v2\/comments?post=358"}],"version-history":[{"count":13,"href":"https:\/\/trayecto.ivtapps.com\/beneficios\/wp-json\/wp\/v2\/pages\/358\/revisions"}],"predecessor-version":[{"id":375,"href":"https:\/\/trayecto.ivtapps.com\/beneficios\/wp-json\/wp\/v2\/pages\/358\/revisions\/375"}],"wp:attachment":[{"href":"https:\/\/trayecto.ivtapps.com\/beneficios\/wp-json\/wp\/v2\/media?parent=358"}],"curies":[{"name":"wp","href":"https:\/\/api.w.org\/{rel}","templated":true}]}}