{"id":540,"date":"2023-07-07T18:22:40","date_gmt":"2023-07-07T18:22:40","guid":{"rendered":"https:\/\/beneficios.trayecto.com\/?page_id=540"},"modified":"2023-07-07T18:32:34","modified_gmt":"2023-07-07T18:32:34","slug":"bioparque-estrella","status":"publish","type":"page","link":"https:\/\/trayecto.ivtapps.com\/beneficios\/bioparque-estrella\/","title":{"rendered":"Bioparque Estrella"},"content":{"rendered":"\t\t<div data-elementor-type=\"wp-page\" data-elementor-id=\"540\" class=\"elementor elementor-540\">\n\t\t\t\t\t\t<section class=\"elementor-section elementor-top-section elementor-element elementor-element-d80f02a elementor-section-boxed elementor-section-height-default elementor-section-height-default rt-parallax-bg-no\" data-id=\"d80f02a\" data-element_type=\"section\">\n\t\t\t\t\t\t<div class=\"elementor-container elementor-column-gap-default\">\n\t\t\t\t\t<div class=\"elementor-column elementor-col-33 elementor-top-column elementor-element elementor-element-e0bef2c\" data-id=\"e0bef2c\" data-element_type=\"column\">\n\t\t\t<div class=\"elementor-widget-wrap elementor-element-populated\">\n\t\t\t\t\t\t<div class=\"elementor-element elementor-element-c69667c elementor-widget elementor-widget-image\" data-id=\"c69667c\" data-element_type=\"widget\" data-widget_type=\"image.default\">\n\t\t\t\t<div class=\"elementor-widget-container\">\n\t\t\t\t\t\t\t\t\t\t\t\t\t\t\t\t<a href=\"https:\/\/trayecto.ivtapps.com\/beneficios\/wp-content\/uploads\/2023\/06\/Hospitaria-Beneficios-1.pdf\" target=\"_blank\">\n\t\t\t\t\t\t\t<img fetchpriority=\"high\" decoding=\"async\" width=\"405\" height=\"1024\" src=\"https:\/\/trayecto.ivtapps.com\/beneficios\/wp-content\/uploads\/2023\/07\/Bioparque-Mex-copia-405x1024.jpg\" class=\"attachment-large size-large wp-image-541\" alt=\"\" srcset=\"https:\/\/trayecto.ivtapps.com\/beneficios\/wp-content\/uploads\/2023\/07\/Bioparque-Mex-copia-405x1024.jpg 405w, https:\/\/trayecto.ivtapps.com\/beneficios\/wp-content\/uploads\/2023\/07\/Bioparque-Mex-copia-119x300.jpg 119w, https:\/\/trayecto.ivtapps.com\/beneficios\/wp-content\/uploads\/2023\/07\/Bioparque-Mex-copia-607x1536.jpg 607w, https:\/\/trayecto.ivtapps.com\/beneficios\/wp-content\/uploads\/2023\/07\/Bioparque-Mex-copia.jpg 612w\" sizes=\"(max-width: 405px) 100vw, 405px\" \/>\t\t\t\t\t\t\t\t<\/a>\n\t\t\t\t\t\t\t\t\t\t\t\t\t\t\t<\/div>\n\t\t\t\t<\/div>\n\t\t\t\t<div class=\"elementor-element elementor-element-a9f2bc4 elementor-align-center elementor-widget elementor-widget-button\" data-id=\"a9f2bc4\" data-element_type=\"widget\" data-widget_type=\"button.default\">\n\t\t\t\t<div class=\"elementor-widget-container\">\n\t\t\t\t\t\t\t\t\t<div class=\"elementor-button-wrapper\">\n\t\t\t\t\t<a class=\"elementor-button elementor-button-link elementor-size-sm\" href=\"https:\/\/trayecto.ivtapps.com\/beneficios\/wp-content\/uploads\/2023\/07\/Bioparque-Mex-copia.jpg\" target=\"_blank\">\n\t\t\t\t\t\t<span class=\"elementor-button-content-wrapper\">\n\t\t\t\t\t\t\t\t\t<span class=\"elementor-button-text\">m\u00e1s informaci\u00f3n<\/span>\n\t\t\t\t\t<\/span>\n\t\t\t\t\t<\/a>\n\t\t\t\t<\/div>\n\t\t\t\t\t\t\t\t<\/div>\n\t\t\t\t<\/div>\n\t\t\t\t\t<\/div>\n\t\t<\/div>\n\t\t\t\t<div class=\"elementor-column elementor-col-33 elementor-top-column elementor-element elementor-element-faebdcb\" data-id=\"faebdcb\" data-element_type=\"column\">\n\t\t\t<div class=\"elementor-widget-wrap elementor-element-populated\">\n\t\t\t\t\t\t<div class=\"elementor-element elementor-element-878cde3 elementor-widget elementor-widget-image\" data-id=\"878cde3\" data-element_type=\"widget\" data-widget_type=\"image.default\">\n\t\t\t\t<div class=\"elementor-widget-container\">\n\t\t\t\t\t\t\t\t\t\t\t\t\t\t\t\t<a href=\"https:\/\/trayecto.ivtapps.com\/beneficios\/wp-content\/uploads\/2023\/06\/Hospitaria-Consulta-CAIH.pdf\" target=\"_blank\">\n\t\t\t\t\t\t\t<img decoding=\"async\" width=\"612\" height=\"1005\" src=\"https:\/\/trayecto.ivtapps.com\/beneficios\/wp-content\/uploads\/2023\/07\/Bioparque-MTY.jpg\" class=\"attachment-large size-large wp-image-516\" alt=\"\" srcset=\"https:\/\/trayecto.ivtapps.com\/beneficios\/wp-content\/uploads\/2023\/07\/Bioparque-MTY.jpg 612w, https:\/\/trayecto.ivtapps.com\/beneficios\/wp-content\/uploads\/2023\/07\/Bioparque-MTY-183x300.jpg 183w\" sizes=\"(max-width: 612px) 100vw, 612px\" \/>\t\t\t\t\t\t\t\t<\/a>\n\t\t\t\t\t\t\t\t\t\t\t\t\t\t\t<\/div>\n\t\t\t\t<\/div>\n\t\t\t\t<div class=\"elementor-element elementor-element-e00046b elementor-align-center elementor-widget elementor-widget-button\" data-id=\"e00046b\" data-element_type=\"widget\" data-widget_type=\"button.default\">\n\t\t\t\t<div class=\"elementor-widget-container\">\n\t\t\t\t\t\t\t\t\t<div class=\"elementor-button-wrapper\">\n\t\t\t\t\t<a class=\"elementor-button elementor-button-link elementor-size-sm\" href=\"https:\/\/trayecto.ivtapps.com\/beneficios\/wp-content\/uploads\/2023\/07\/Bioparque-MTY.jpg\" target=\"_blank\">\n\t\t\t\t\t\t<span class=\"elementor-button-content-wrapper\">\n\t\t\t\t\t\t\t\t\t<span class=\"elementor-button-text\">m\u00e1s informaci\u00f3n<\/span>\n\t\t\t\t\t<\/span>\n\t\t\t\t\t<\/a>\n\t\t\t\t<\/div>\n\t\t\t\t\t\t\t\t<\/div>\n\t\t\t\t<\/div>\n\t\t\t\t\t<\/div>\n\t\t<\/div>\n\t\t\t\t<div class=\"elementor-column elementor-col-33 elementor-top-column elementor-element elementor-element-a1c09fa\" data-id=\"a1c09fa\" data-element_type=\"column\">\n\t\t\t<div class=\"elementor-widget-wrap\">\n\t\t\t\t\t\t\t<\/div>\n\t\t<\/div>\n\t\t\t\t\t<\/div>\n\t\t<\/section>\n\t\t\t\t<\/div>\n\t\t","protected":false},"excerpt":{"rendered":"<p>m\u00e1s informaci\u00f3n m\u00e1s informaci\u00f3n<\/p>\n","protected":false},"author":2,"featured_media":0,"parent":0,"menu_order":0,"comment_status":"closed","ping_status":"closed","template":"","meta":{"footnotes":""},"class_list":["post-540","page","type-page","status-publish","hentry"],"_links":{"self":[{"href":"https:\/\/trayecto.ivtapps.com\/beneficios\/wp-json\/wp\/v2\/pages\/540","targetHints":{"allow":["GET"]}}],"collection":[{"href":"https:\/\/trayecto.ivtapps.com\/beneficios\/wp-json\/wp\/v2\/pages"}],"about":[{"href":"https:\/\/trayecto.ivtapps.com\/beneficios\/wp-json\/wp\/v2\/types\/page"}],"author":[{"embeddable":true,"href":"https:\/\/trayecto.ivtapps.com\/beneficios\/wp-json\/wp\/v2\/users\/2"}],"replies":[{"embeddable":true,"href":"https:\/\/trayecto.ivtapps.com\/beneficios\/wp-json\/wp\/v2\/comments?post=540"}],"version-history":[{"count":7,"href":"https:\/\/trayecto.ivtapps.com\/beneficios\/wp-json\/wp\/v2\/pages\/540\/revisions"}],"predecessor-version":[{"id":549,"href":"https:\/\/trayecto.ivtapps.com\/beneficios\/wp-json\/wp\/v2\/pages\/540\/revisions\/549"}],"wp:attachment":[{"href":"https:\/\/trayecto.ivtapps.com\/beneficios\/wp-json\/wp\/v2\/media?parent=540"}],"curies":[{"name":"wp","href":"https:\/\/api.w.org\/{rel}","templated":true}]}}